{"id":14,"date":"2026-03-08T11:41:04","date_gmt":"2026-03-08T10:41:04","guid":{"rendered":"https:\/\/exper-tic.fr\/?page_id=14"},"modified":"2026-03-08T11:48:35","modified_gmt":"2026-03-08T10:48:35","slug":"site-en-cours-de-refonte","status":"publish","type":"page","link":"http:\/\/exper-tic.fr\/","title":{"rendered":"Site en cours de refonte"},"content":{"rendered":"\n<div style=\"max-width:800px;margin:80px auto;text-align:center;font-family:Arial, sans-serif;\">\n<h1 style=\"font-size:36px;margin-bottom:20px;\">\n        Notre site est en cours de refonte<br>\n    <\/h1>\n<p style=\"font-size:18px;line-height:1.6;margin-bottom:30px;\">\n        Nous travaillons actuellement \u00e0 la refonte compl\u00e8te du site du cabinet<br>\n        <strong>Exper TIC<\/strong> afin de vous proposer une exp\u00e9rience plus claire,<br>\n        plus moderne et davantage de services.\n    <\/p>\n<p style=\"font-size:18px;line-height:1.6;margin-bottom:30px;\">\n        Le nouveau site sera disponible tr\u00e8s prochainement.\n    <\/p>\n<hr style=\"margin:40px 0;\">\n<p style=\"font-size:18px;\">\n        En attendant, notre \u00e9quipe reste \u00e0 votre disposition :\n    <\/p>\n<p style=\"font-size:18px;margin-top:20px;\">\n        \ud83d\udce7 Email : contact@exper-tic.fr<br>\n        \ud83d\udcde T\u00e9l\u00e9phone : 03 83 75 06 49\n    <\/p>\n<p style=\"margin-top:40px;font-size:16px;color:#666;\">\n        Cabinet Exper TIC \u2013 Expertise comptable &amp; conseil\n    <\/p>\n<\/div>\n\n\n\n<p><\/p>\n","protected":false},"excerpt":{"rendered":"<p>Notre site est en cours de refonte Nous travaillons actuellement \u00e0 la refonte compl\u00e8te du site du cabinet Exper TIC afin de vous proposer une exp\u00e9rience plus claire, plus moderne et davantage de services. Le nouveau site sera disponible tr\u00e8s prochainement. En attendant, notre \u00e9quipe reste \u00e0 votre disposition : \ud83d\udce7 Email : contact@exper-tic.fr \ud83d\udcde [&hellip;]<\/p>\n","protected":false},"author":1,"featured_media":21,"parent":0,"menu_order":0,"comment_status":"closed","ping_status":"closed","template":"","meta":{"footnotes":""},"class_list":["post-14","page","type-page","status-publish","has-post-thumbnail","hentry"],"_links":{"self":[{"href":"http:\/\/exper-tic.fr\/index.php\/wp-json\/wp\/v2\/pages\/14","targetHints":{"allow":["GET"]}}],"collection":[{"href":"http:\/\/exper-tic.fr\/index.php\/wp-json\/wp\/v2\/pages"}],"about":[{"href":"http:\/\/exper-tic.fr\/index.php\/wp-json\/wp\/v2\/types\/page"}],"author":[{"embeddable":true,"href":"http:\/\/exper-tic.fr\/index.php\/wp-json\/wp\/v2\/users\/1"}],"replies":[{"embeddable":true,"href":"http:\/\/exper-tic.fr\/index.php\/wp-json\/wp\/v2\/comments?post=14"}],"version-history":[{"count":5,"href":"http:\/\/exper-tic.fr\/index.php\/wp-json\/wp\/v2\/pages\/14\/revisions"}],"predecessor-version":[{"id":24,"href":"http:\/\/exper-tic.fr\/index.php\/wp-json\/wp\/v2\/pages\/14\/revisions\/24"}],"wp:featuredmedia":[{"embeddable":true,"href":"http:\/\/exper-tic.fr\/index.php\/wp-json\/wp\/v2\/media\/21"}],"wp:attachment":[{"href":"http:\/\/exper-tic.fr\/index.php\/wp-json\/wp\/v2\/media?parent=14"}],"curies":[{"name":"wp","href":"https:\/\/api.w.org\/{rel}","templated":true}]}}